{"id":1593,"date":"2024-03-09T04:04:56","date_gmt":"2024-03-09T04:04:56","guid":{"rendered":"https:\/\/webapp390270.ip-45-79-31-157.cloudezapp.io\/?page_id=1593"},"modified":"2025-01-28T18:54:28","modified_gmt":"2025-01-28T21:54:28","slug":"easy-dsp","status":"publish","type":"page","link":"https:\/\/ludk.com.br\/en\/easy-dsp\/","title":{"rendered":"EASY DSP"},"content":{"rendered":"<div data-elementor-type=\"wp-page\" data-elementor-id=\"1593\" class=\"elementor elementor-1593\" data-elementor-post-type=\"page\">\n\t\t\t\t<div class=\"elementor-element elementor-element-fb305bf e-con-full e-flex e-con e-parent\" data-id=\"fb305bf\" data-element_type=\"container\" data-e-type=\"container\" data-settings=\"{&quot;background_background&quot;:&quot;classic&quot;}\">\n\t\t\t\t<div data-parallax=\"true\" data-parallax-options=\"{&quot;ease&quot;:[&quot;linear&quot;],&quot;start&quot;:&quot;top bottom&quot;,&quot;end&quot;:&quot;bottom+=72px top&quot;}\" data-parallax-from=\"{&quot;transformPerspective&quot;:&quot;67px&quot;,&quot;y&quot;:&quot;100px&quot;,&quot;transformOrigin&quot;:&quot;50% 50% 0px&quot;}\" data-parallax-to=\"{&quot;y&quot;:&quot;30px&quot;,&quot;transformOrigin&quot;:&quot;50% 50% 0px&quot;}\" class=\"elementor-element elementor-element-e730951 elementor-widget elementor-widget-ld_fancy_image\" data-id=\"e730951\" data-element_type=\"widget\" data-e-type=\"widget\" data-widget_type=\"ld_fancy_image.default\">\n\t\t\t\t<div class=\"elementor-widget-container\">\n\t\t\t\t\t\n\t\t<div class=\"lqd-imggrp-single d-block pos-rel\">\n\t\t\t<div class=\"lqd-imggrp-img-container d-inline-flex pos-rel align-items-center justify-content-center\">\n\t\t\t\t\t\t\t\t<figure class=\"w-100 pos-rel\">\n\t\t\t\t\t<img fetchpriority=\"high\" decoding=\"async\" width=\"1600\" height=\"518\" src=\"https:\/\/ludk.com.br\/wp-content\/uploads\/2024\/03\/celular-mano-2-3.png\" class=\"attachment-full size-full wp-image-1620\" alt=\"\" srcset=\"https:\/\/ludk.com.br\/wp-content\/uploads\/2024\/03\/celular-mano-2-3.png 1600w, https:\/\/ludk.com.br\/wp-content\/uploads\/2024\/03\/celular-mano-2-3-300x97.png 300w, https:\/\/ludk.com.br\/wp-content\/uploads\/2024\/03\/celular-mano-2-3-1024x332.png 1024w, https:\/\/ludk.com.br\/wp-content\/uploads\/2024\/03\/celular-mano-2-3-1536x497.png 1536w, https:\/\/ludk.com.br\/wp-content\/uploads\/2024\/03\/celular-mano-2-3-18x6.png 18w\" sizes=\"(max-width: 1600px) 100vw, 1600px\" itemprop=\"image\" \/>\t\t\t\t\t\t\t\t\t\t\t\t\t\t\t\t\t\t\t\t\t\t\t\t\t\t\t\t\t<\/figure>\n\t\t\t<\/div>\n\t\t<\/div>\n\n\t\t\t\t\t<\/div>\n\t\t\t\t<\/div>\n\t\t\t\t<\/div>\n\t\t<div class=\"elementor-element elementor-element-2f58658 e-flex e-con-boxed e-con e-parent\" data-id=\"2f58658\" data-element_type=\"container\" data-e-type=\"container\">\n\t\t\t\t\t<div class=\"e-con-inner\">\n\t\t<div class=\"elementor-element elementor-element-1b9f614 e-con-full e-flex e-con e-child\" data-id=\"1b9f614\" data-element_type=\"container\" data-e-type=\"container\">\n\t\t\t\t<div data-custom-animations=\"true\" data-ca-options=\"{&quot;addChildTimelines&quot;:false,&quot;trigger&quot;:&quot;firstChild&quot;,&quot;animationTarget&quot;:&quot;.lqd-split-words .lqd-words .split-inner, .lqd-adv-txt-fig&quot;,&quot;ease&quot;:&quot;linear&quot;,&quot;initValues&quot;:{&quot;opacity&quot;:0},&quot;animations&quot;:{&quot;opacity&quot;:1}}\" class=\"elementor-element elementor-element-c26347e elementor-widget elementor-widget-hub_fancy_heading lqd-el-has-inner-anim\" data-id=\"c26347e\" data-element_type=\"widget\" data-e-type=\"widget\" data-settings=\"{&quot;enable_split&quot;:&quot;true&quot;,&quot;split_type&quot;:&quot;words&quot;}\" data-widget_type=\"hub_fancy_heading.default\">\n\t\t\t\t<div class=\"elementor-widget-container\">\n\t\t\t\t\t\n\t\t<div id=\"ld-fancy-heading-69d50a2f7ac90\" class=\"ld-fancy-heading pos-rel\">\n\t\t\t<h2 class=\"ld-fh-element d-inline-block pos-rel  elementor-heading-title lqd-highlight-classic lqd-highlight-grow-left lqd-split-words h2\"  data-split-text=\"true\" data-split-options='{\"type\":\"words\"}'> AUDIO CUSTOMIZATION IN YOUR HANDS<\/h2>\t\t<\/div>\n\n\t\t\t\t\t\t<\/div>\n\t\t\t\t<\/div>\n\t\t<div class=\"elementor-element elementor-element-1e17330 e-flex e-con-boxed e-con e-child\" data-id=\"1e17330\" data-element_type=\"container\" data-e-type=\"container\">\n\t\t\t\t\t<div class=\"e-con-inner\">\n\t\t<div class=\"elementor-element elementor-element-5066bde e-con-full e-flex e-con e-child\" data-id=\"5066bde\" data-element_type=\"container\" data-e-type=\"container\">\n\t\t\t\t<div class=\"elementor-element elementor-element-5cb3c58 elementor-widget elementor-widget-text-editor\" data-id=\"5cb3c58\" data-element_type=\"widget\" data-e-type=\"widget\" data-widget_type=\"text-editor.default\">\n\t\t\t\t<div class=\"elementor-widget-container\">\n\t\t\t\t\t\t\t\t\t<p>Easy DSP is a <strong>compact audio processor<\/strong> which offers a variety of <strong>high-precision adjustments and settings<\/strong> to improve the performance of your surround sound system.<\/p>\t\t\t\t\t\t\t\t<\/div>\n\t\t\t\t<\/div>\n\t\t\t\t<\/div>\n\t\t\t\t\t<\/div>\n\t\t\t\t<\/div>\n\t\t\t\t<\/div>\n\t\t\t\t\t<\/div>\n\t\t\t\t<\/div>\n\t\t<div class=\"elementor-element elementor-element-1d694dc e-flex e-con-boxed e-con e-parent\" data-id=\"1d694dc\" data-element_type=\"container\" data-e-type=\"container\">\n\t\t\t\t\t<div class=\"e-con-inner\">\n\t\t<div class=\"elementor-element elementor-element-03a4ada e-con-full e-flex e-con e-child\" data-id=\"03a4ada\" data-element_type=\"container\" data-e-type=\"container\">\n\t\t\t\t<div class=\"elementor-element elementor-element-67b26f8 elementor-widget elementor-widget-ld_fancy_image\" data-id=\"67b26f8\" data-element_type=\"widget\" data-e-type=\"widget\" data-widget_type=\"ld_fancy_image.default\">\n\t\t\t\t<div class=\"elementor-widget-container\">\n\t\t\t\t\t\n\t\t<div class=\"lqd-imggrp-single d-block pos-rel\">\n\t\t\t<div class=\"lqd-imggrp-img-container d-inline-flex pos-rel align-items-center justify-content-center\">\n\t\t\t\t\t\t\t\t<figure class=\"w-100 pos-rel\">\n\t\t\t\t\t<img decoding=\"async\" width=\"1200\" height=\"900\" src=\"data:image\/svg+xml;charset=utf-8,%3Csvg xmlns%3D&#039;http%3A%2F%2Fwww.w3.org%2F2000%2Fsvg&#039; viewBox%3D&#039;0 0 1200 900&#039;%2F%3E\" class=\"attachment-full size-full wp-image-1677 ld-lazyload\" alt=\"\" itemprop=\"image\" data-src=\"https:\/\/ludk.com.br\/wp-content\/uploads\/2024\/03\/f1-2.jpg\" data-srcset=\"https:\/\/ludk.com.br\/wp-content\/uploads\/2024\/03\/f1-2.jpg 1200w, https:\/\/ludk.com.br\/wp-content\/uploads\/2024\/03\/f1-2-300x225.jpg 300w, https:\/\/ludk.com.br\/wp-content\/uploads\/2024\/03\/f1-2-1024x768.jpg 1024w, https:\/\/ludk.com.br\/wp-content\/uploads\/2024\/03\/f1-2-16x12.jpg 16w\" data-sizes=\"(max-width: 1200px) 100vw, 1200px\" data-aspect=\"1.3333333333333\" \/>\t\t\t\t\t\t\t\t\t\t\t\t\t\t\t\t\t\t\t\t\t\t\t\t\t\t\t\t\t<\/figure>\n\t\t\t<\/div>\n\t\t<\/div>\n\n\t\t\t\t\t<\/div>\n\t\t\t\t<\/div>\n\t\t\t\t<\/div>\n\t\t<div class=\"elementor-element elementor-element-3cc39c4 e-con-full e-flex e-con e-child\" data-id=\"3cc39c4\" data-element_type=\"container\" data-e-type=\"container\">\n\t\t\t\t<div class=\"elementor-element elementor-element-0bfd2ff elementor-widget elementor-widget-ld_fancy_image\" data-id=\"0bfd2ff\" data-element_type=\"widget\" data-e-type=\"widget\" data-widget_type=\"ld_fancy_image.default\">\n\t\t\t\t<div class=\"elementor-widget-container\">\n\t\t\t\t\t\n\t\t<div class=\"lqd-imggrp-single d-block pos-rel\">\n\t\t\t<div class=\"lqd-imggrp-img-container d-inline-flex pos-rel align-items-center justify-content-center\">\n\t\t\t\t\t\t\t\t<figure class=\"w-100 pos-rel\">\n\t\t\t\t\t<img decoding=\"async\" width=\"301\" height=\"85\" src=\"data:image\/svg+xml;charset=utf-8,%3Csvg xmlns%3D&#039;http%3A%2F%2Fwww.w3.org%2F2000%2Fsvg&#039; viewBox%3D&#039;0 0 301 85&#039;%2F%3E\" class=\"attachment-full size-full wp-image-1679 ld-lazyload\" alt=\"\" itemprop=\"image\" data-src=\"https:\/\/ludk.com.br\/wp-content\/uploads\/2024\/03\/blue.png\" data-srcset=\"https:\/\/ludk.com.br\/wp-content\/uploads\/2024\/03\/blue.png 301w, https:\/\/ludk.com.br\/wp-content\/uploads\/2024\/03\/blue-18x5.png 18w\" data-sizes=\"(max-width: 301px) 100vw, 301px\" data-aspect=\"3.5411764705882\" \/>\t\t\t\t\t\t\t\t\t\t\t\t\t\t\t\t\t\t\t\t\t\t\t\t\t\t\t\t\t<\/figure>\n\t\t\t<\/div>\n\t\t<\/div>\n\n\t\t\t\t\t<\/div>\n\t\t\t\t<\/div>\n\t\t\t\t<div class=\"elementor-element elementor-element-d045710 elementor-widget elementor-widget-text-editor\" data-id=\"d045710\" data-element_type=\"widget\" data-e-type=\"widget\" data-widget_type=\"text-editor.default\">\n\t\t\t\t<div class=\"elementor-widget-container\">\n\t\t\t\t\t\t\t\t\t<p>Through Bluetooth communication, processor information can be viewed and configured remotely, using smartphones or tablets with Android or iOS systems.<\/p>\t\t\t\t\t\t\t\t<\/div>\n\t\t\t\t<\/div>\n\t\t<div class=\"elementor-element elementor-element-148e3d8 e-flex e-con-boxed e-con e-child\" data-id=\"148e3d8\" data-element_type=\"container\" data-e-type=\"container\">\n\t\t\t\t\t<div class=\"e-con-inner\">\n\t\t\t\t<div class=\"elementor-element elementor-element-0ef1480 elementor-widget elementor-widget-ld_fancy_image\" data-id=\"0ef1480\" data-element_type=\"widget\" data-e-type=\"widget\" data-widget_type=\"ld_fancy_image.default\">\n\t\t\t\t<div class=\"elementor-widget-container\">\n\t\t\t\t\t\n\t\t<div class=\"lqd-imggrp-single d-block pos-rel\">\n\t\t\t<div class=\"lqd-imggrp-img-container d-inline-flex pos-rel align-items-center justify-content-center\">\n\t\t\t\t\t\t\t\t<figure class=\"w-100 pos-rel\">\n\t\t\t\t\t<img loading=\"lazy\" decoding=\"async\" width=\"300\" height=\"132\" src=\"data:image\/svg+xml;charset=utf-8,%3Csvg xmlns%3D&#039;http%3A%2F%2Fwww.w3.org%2F2000%2Fsvg&#039; viewBox%3D&#039;0 0 300 132&#039;%2F%3E\" class=\"attachment-full size-full wp-image-1680 ld-lazyload\" alt=\"\" itemprop=\"image\" data-src=\"https:\/\/ludk.com.br\/wp-content\/uploads\/2024\/03\/btn-googleplay.png\" data-srcset=\"https:\/\/ludk.com.br\/wp-content\/uploads\/2024\/03\/btn-googleplay.png 300w, https:\/\/ludk.com.br\/wp-content\/uploads\/2024\/03\/btn-googleplay-18x8.png 18w\" data-sizes=\"(max-width: 300px) 100vw, 300px\" data-aspect=\"2.2727272727273\" \/>\t\t\t\t\t\t\t\t\t\t\t\t\t\t\t\t\t\t\t\t\t\t\t\t\t\t\t\t\t<\/figure>\n\t\t\t<\/div>\n\t\t<\/div>\n\n\t\t\t\t\t<\/div>\n\t\t\t\t<\/div>\n\t\t\t\t<div class=\"elementor-element elementor-element-899ebdc elementor-widget elementor-widget-ld_fancy_image\" data-id=\"899ebdc\" data-element_type=\"widget\" data-e-type=\"widget\" data-widget_type=\"ld_fancy_image.default\">\n\t\t\t\t<div class=\"elementor-widget-container\">\n\t\t\t\t\t\n\t\t<div class=\"lqd-imggrp-single d-block pos-rel\">\n\t\t\t<div class=\"lqd-imggrp-img-container d-inline-flex pos-rel align-items-center justify-content-center\">\n\t\t\t\t\t\t\t\t<figure class=\"w-100 pos-rel\">\n\t\t\t\t\t<img loading=\"lazy\" decoding=\"async\" width=\"300\" height=\"129\" src=\"data:image\/svg+xml;charset=utf-8,%3Csvg xmlns%3D&#039;http%3A%2F%2Fwww.w3.org%2F2000%2Fsvg&#039; viewBox%3D&#039;0 0 300 129&#039;%2F%3E\" class=\"attachment-full size-full wp-image-1681 ld-lazyload\" alt=\"\" itemprop=\"image\" data-src=\"https:\/\/ludk.com.br\/wp-content\/uploads\/2024\/03\/btn-apple.png\" data-srcset=\"https:\/\/ludk.com.br\/wp-content\/uploads\/2024\/03\/btn-apple.png 300w, https:\/\/ludk.com.br\/wp-content\/uploads\/2024\/03\/btn-apple-18x8.png 18w\" data-sizes=\"(max-width: 300px) 100vw, 300px\" data-aspect=\"2.3255813953488\" \/>\t\t\t\t\t\t\t\t\t\t\t\t\t\t\t\t\t\t\t\t\t\t\t\t\t\t\t\t\t<\/figure>\n\t\t\t<\/div>\n\t\t<\/div>\n\n\t\t\t\t\t<\/div>\n\t\t\t\t<\/div>\n\t\t\t\t\t<\/div>\n\t\t\t\t<\/div>\n\t\t\t\t<\/div>\n\t\t\t\t\t<\/div>\n\t\t\t\t<\/div>\n\t\t<div class=\"elementor-element elementor-element-5943d31 e-con-full e-flex e-con e-parent\" data-id=\"5943d31\" data-element_type=\"container\" data-e-type=\"container\" data-settings=\"{&quot;background_background&quot;:&quot;classic&quot;}\">\n\t\t\t\t<\/div>\n\t\t<div class=\"elementor-element elementor-element-389b0f3 e-flex e-con-boxed e-con e-parent\" data-id=\"389b0f3\" data-element_type=\"container\" data-e-type=\"container\">\n\t\t\t\t\t<div class=\"e-con-inner\">\n\t\t\t\t<div class=\"elementor-element elementor-element-e8ad8fa elementor-widget elementor-widget-ld_fancy_image\" data-id=\"e8ad8fa\" data-element_type=\"widget\" data-e-type=\"widget\" data-widget_type=\"ld_fancy_image.default\">\n\t\t\t\t<div class=\"elementor-widget-container\">\n\t\t\t\t\t\n\t\t<div class=\"lqd-imggrp-single d-block pos-rel\">\n\t\t\t<div class=\"lqd-imggrp-img-container d-inline-flex pos-rel align-items-center justify-content-center\">\n\t\t\t\t\t\t\t\t<figure class=\"w-100 pos-rel\">\n\t\t\t\t\t<img loading=\"lazy\" decoding=\"async\" width=\"600\" height=\"137\" src=\"data:image\/svg+xml;charset=utf-8,%3Csvg xmlns%3D&#039;http%3A%2F%2Fwww.w3.org%2F2000%2Fsvg&#039; viewBox%3D&#039;0 0 600 137&#039;%2F%3E\" class=\"attachment-full size-full wp-image-1688 ld-lazyload\" alt=\"\" itemprop=\"image\" data-src=\"https:\/\/ludk.com.br\/wp-content\/uploads\/2024\/03\/Easy-DSP-frente-1.png\" data-srcset=\"https:\/\/ludk.com.br\/wp-content\/uploads\/2024\/03\/Easy-DSP-frente-1.png 600w, https:\/\/ludk.com.br\/wp-content\/uploads\/2024\/03\/Easy-DSP-frente-1-300x69.png 300w, https:\/\/ludk.com.br\/wp-content\/uploads\/2024\/03\/Easy-DSP-frente-1-18x4.png 18w\" data-sizes=\"(max-width: 600px) 100vw, 600px\" data-aspect=\"4.3795620437956\" \/>\t\t\t\t\t\t\t\t\t\t\t\t\t\t\t\t\t\t\t\t\t\t\t\t\t\t\t\t\t<\/figure>\n\t\t\t<\/div>\n\t\t<\/div>\n\n\t\t\t\t\t<\/div>\n\t\t\t\t<\/div>\n\t\t\t\t\t<\/div>\n\t\t\t\t<\/div>\n\t\t<div class=\"elementor-element elementor-element-3a652af e-flex e-con-boxed e-con e-parent\" data-id=\"3a652af\" data-element_type=\"container\" data-e-type=\"container\">\n\t\t\t\t\t<div class=\"e-con-inner\">\n\t\t\t\t<div data-custom-animations=\"true\" data-ca-options=\"{&quot;addChildTimelines&quot;:false,&quot;trigger&quot;:&quot;firstChild&quot;,&quot;animationTarget&quot;:&quot;.lqd-split-words .lqd-words .split-inner, .lqd-adv-txt-fig&quot;,&quot;ease&quot;:&quot;linear&quot;,&quot;initValues&quot;:{&quot;opacity&quot;:0},&quot;animations&quot;:{&quot;opacity&quot;:1}}\" class=\"elementor-element elementor-element-dff9f33 elementor-widget elementor-widget-hub_fancy_heading lqd-el-has-inner-anim\" data-id=\"dff9f33\" data-element_type=\"widget\" data-e-type=\"widget\" data-settings=\"{&quot;enable_split&quot;:&quot;true&quot;,&quot;split_type&quot;:&quot;words&quot;}\" data-widget_type=\"hub_fancy_heading.default\">\n\t\t\t\t<div class=\"elementor-widget-container\">\n\t\t\t\t\t\n\t\t<div id=\"ld-fancy-heading-69d50a2f92361\" class=\"ld-fancy-heading pos-rel\">\n\t\t\t<h2 class=\"ld-fh-element d-inline-block pos-rel  elementor-heading-title lqd-highlight-classic lqd-highlight-grow-left lqd-split-words h2\"  data-split-text=\"true\" data-split-options='{\"type\":\"words\"}'> Discover some of the features<\/h2>\t\t<\/div>\n\n\t\t\t\t\t\t<\/div>\n\t\t\t\t<\/div>\n\t\t\t\t<div class=\"elementor-element elementor-element-c643803 elementor-widget elementor-widget-ld_fancy_image\" data-id=\"c643803\" data-element_type=\"widget\" data-e-type=\"widget\" data-widget_type=\"ld_fancy_image.default\">\n\t\t\t\t<div class=\"elementor-widget-container\">\n\t\t\t\t\t\n\t\t<div class=\"lqd-imggrp-single d-block pos-rel\">\n\t\t\t<div class=\"lqd-imggrp-img-container d-inline-flex pos-rel align-items-center justify-content-center\">\n\t\t\t\t\t\t\t\t<figure class=\"w-100 pos-rel\">\n\t\t\t\t\t<img loading=\"lazy\" decoding=\"async\" width=\"2100\" height=\"955\" src=\"data:image\/svg+xml;charset=utf-8,%3Csvg xmlns%3D&#039;http%3A%2F%2Fwww.w3.org%2F2000%2Fsvg&#039; viewBox%3D&#039;0 0 2100 955&#039;%2F%3E\" class=\"attachment-full size-full wp-image-1692 ld-lazyload\" alt=\"\" itemprop=\"image\" data-src=\"https:\/\/ludk.com.br\/wp-content\/uploads\/2024\/03\/pantallas.jpg\" data-srcset=\"https:\/\/ludk.com.br\/wp-content\/uploads\/2024\/03\/pantallas.jpg 2100w, https:\/\/ludk.com.br\/wp-content\/uploads\/2024\/03\/pantallas-300x136.jpg 300w, https:\/\/ludk.com.br\/wp-content\/uploads\/2024\/03\/pantallas-1024x466.jpg 1024w, https:\/\/ludk.com.br\/wp-content\/uploads\/2024\/03\/pantallas-1536x699.jpg 1536w, https:\/\/ludk.com.br\/wp-content\/uploads\/2024\/03\/pantallas-2048x931.jpg 2048w, https:\/\/ludk.com.br\/wp-content\/uploads\/2024\/03\/pantallas-18x8.jpg 18w\" data-sizes=\"(max-width: 2100px) 100vw, 2100px\" data-aspect=\"2.1989528795812\" \/>\t\t\t\t\t\t\t\t\t\t\t\t\t\t\t\t\t\t\t\t\t\t\t\t\t\t\t\t\t<\/figure>\n\t\t\t<\/div>\n\t\t<\/div>\n\n\t\t\t\t\t<\/div>\n\t\t\t\t<\/div>\n\t\t\t\t\t<\/div>\n\t\t\t\t<\/div>\n\t\t<div class=\"elementor-element elementor-element-63bf134 e-flex e-con-boxed e-con e-parent\" data-id=\"63bf134\" data-element_type=\"container\" data-e-type=\"container\">\n\t\t\t\t\t<div class=\"e-con-inner\">\n\t\t<div class=\"elementor-element elementor-element-3f05f1f e-con-full e-flex e-con e-child\" data-id=\"3f05f1f\" data-element_type=\"container\" data-e-type=\"container\">\n\t\t\t\t<div class=\"elementor-element elementor-element-a16a337 elementor-widget-tablet__width-initial elementor-widget elementor-widget-ld_fancy_image\" data-id=\"a16a337\" data-element_type=\"widget\" data-e-type=\"widget\" data-widget_type=\"ld_fancy_image.default\">\n\t\t\t\t<div class=\"elementor-widget-container\">\n\t\t\t\t\t\n\t\t<div class=\"lqd-imggrp-single d-block pos-rel\">\n\t\t\t<div class=\"lqd-imggrp-img-container d-inline-flex pos-rel align-items-center justify-content-center\">\n\t\t\t\t\t\t\t\t<figure class=\"w-100 pos-rel\">\n\t\t\t\t\t<img loading=\"lazy\" decoding=\"async\" width=\"700\" height=\"930\" src=\"data:image\/svg+xml;charset=utf-8,%3Csvg xmlns%3D&#039;http%3A%2F%2Fwww.w3.org%2F2000%2Fsvg&#039; viewBox%3D&#039;0 0 700 930&#039;%2F%3E\" class=\"attachment-full size-full wp-image-1694 ld-lazyload\" alt=\"\" itemprop=\"image\" data-src=\"https:\/\/ludk.com.br\/wp-content\/uploads\/2024\/03\/ok.jpg\" data-srcset=\"https:\/\/ludk.com.br\/wp-content\/uploads\/2024\/03\/ok.jpg 700w, https:\/\/ludk.com.br\/wp-content\/uploads\/2024\/03\/ok-226x300.jpg 226w, https:\/\/ludk.com.br\/wp-content\/uploads\/2024\/03\/ok-9x12.jpg 9w\" data-sizes=\"(max-width: 700px) 100vw, 700px\" data-aspect=\"0.75268817204301\" \/>\t\t\t\t\t\t\t\t\t\t\t\t\t\t\t\t\t\t\t\t\t\t\t\t\t\t\t\t\t<\/figure>\n\t\t\t<\/div>\n\t\t<\/div>\n\n\t\t\t\t\t<\/div>\n\t\t\t\t<\/div>\n\t\t\t\t<\/div>\n\t\t<div class=\"elementor-element elementor-element-ce43792 e-con-full e-flex e-con e-child\" data-id=\"ce43792\" data-element_type=\"container\" data-e-type=\"container\">\n\t\t\t\t<div data-custom-animations=\"true\" data-ca-options=\"{&quot;addChildTimelines&quot;:false,&quot;trigger&quot;:&quot;firstChild&quot;,&quot;animationTarget&quot;:&quot;.lqd-split-words .lqd-words .split-inner, .lqd-adv-txt-fig&quot;,&quot;ease&quot;:&quot;linear&quot;,&quot;initValues&quot;:{&quot;opacity&quot;:0},&quot;animations&quot;:{&quot;opacity&quot;:1}}\" class=\"elementor-element elementor-element-e127860 elementor-widget elementor-widget-hub_fancy_heading lqd-el-has-inner-anim\" data-id=\"e127860\" data-element_type=\"widget\" data-e-type=\"widget\" data-settings=\"{&quot;enable_split&quot;:&quot;true&quot;,&quot;split_type&quot;:&quot;words&quot;}\" data-widget_type=\"hub_fancy_heading.default\">\n\t\t\t\t<div class=\"elementor-widget-container\">\n\t\t\t\t\t\n\t\t<div id=\"ld-fancy-heading-69d50a2f9bd59\" class=\"ld-fancy-heading pos-rel\">\n\t\t\t<h2 class=\"ld-fh-element d-inline-block pos-rel  elementor-heading-title lqd-highlight-classic lqd-highlight-grow-left lqd-split-words h2\"  data-split-text=\"true\" data-split-options='{\"type\":\"words\"}'> TECHNICAL SPECIFICATIONS<\/h2>\t\t<\/div>\n\n\t\t\t\t\t\t<\/div>\n\t\t\t\t<\/div>\n\t\t\t\t<div class=\"elementor-element elementor-element-e98ca69 elementor-widget elementor-widget-ld_table\" data-id=\"e98ca69\" data-element_type=\"widget\" data-e-type=\"widget\" data-widget_type=\"ld_table.default\">\n\t\t\t\t<div class=\"elementor-widget-container\">\n\t\t\t\t\t<table><tr><td class=\"elementor-repeater-item-ad49a81\">Number of Channels:<\/td><td class=\"elementor-repeater-item-77577a6\">Inputs: 2 x RCA (A + B) or 2 x HIGH (A + B) - Outputs: 4 RCA (1, 2, 3, 4)<\/td><\/tr><tr><td class=\"elementor-repeater-item-79182b4\">Graphic Equalizer:<\/td><td class=\"elementor-repeater-item-80a72d1\">15 Bands (gain \u00b112dB)<\/td><\/tr><tr><td class=\"elementor-repeater-item-616bd93\">EQ presets. Graphic:<\/td><td class=\"elementor-repeater-item-1878d3f\">12<\/td><\/tr><tr><td class=\"elementor-repeater-item-926c4bd\">Parametric Equalizer: <\/td><td class=\"elementor-repeater-item-83eb7c1\">5 Bandas (1 Entrada + 4 Sa\u00eddas (ganho \u00b112dB, Fator Q 0.4 a 10.0) <\/td><\/tr><tr><td class=\"elementor-repeater-item-4889ee2\">Crossover with Freq. Variable: <\/td><td class=\"elementor-repeater-item-1424353\">Butterworth: 12\/18\/24\/36 dB\/8th Linkwitz-Riley: 12\/18\/24\/36 dB\/8th<\/td><\/tr><tr><td class=\"elementor-repeater-item-8c8d63a\">Crossover Presets:<\/td><td class=\"elementor-repeater-item-0212454\">11 <\/td><\/tr><tr><td class=\"elementor-repeater-item-5b95f93\">Routing between Inputs and Outputs:<\/td><td class=\"elementor-repeater-item-f923871\">A, B or A+B <\/td><\/tr><tr><td class=\"elementor-repeater-item-39d7e2c\">Alignment: <\/td><td class=\"elementor-repeater-item-a65c487\">0ms ~ 8ms (275cm)<\/td><\/tr><tr><td class=\"elementor-repeater-item-b8d6fc1\">Phase Inversion:<\/td><td class=\"elementor-repeater-item-58712e8\">0ms ~ 8ms (275cm)<\/td><\/tr><tr><td class=\"elementor-repeater-item-290abd9\">Limiter: <\/td><td class=\"elementor-repeater-item-3b941c9\">Threshold: -24dB ~ 0dB Attack: 0.1ms ~ 100.0ms and Release: 1ms ~ 1600ms (manual or automatic) <\/td><\/tr><tr><td class=\"elementor-repeater-item-27bb926\">Master Level: <\/td><td class=\"elementor-repeater-item-f5ea87d\">0 ~ 100% <\/td><\/tr><tr><td class=\"elementor-repeater-item-f65dfa4\">Output gain:<\/td><td class=\"elementor-repeater-item-c5b59d8\">-45dB ~ +15dB per output <\/td><\/tr><tr><td class=\"elementor-repeater-item-488b6af\">Frequency Generator:<\/td><td class=\"elementor-repeater-item-adacd44\">10Hz ~ 22kHz and Level -60 to 0dB <\/td><\/tr><tr><td class=\"elementor-repeater-item-ebf2a41\">Frequency Sweep: <\/td><td class=\"elementor-repeater-item-5a67983\">Start and end frequency: 10Hz ~ 22kHz Level: -60dB ~ 0dB <\/td><\/tr><tr><td class=\"elementor-repeater-item-c1464ae\">Pink Noise Generator: <\/td><td class=\"elementor-repeater-item-145cad1\">Gain: -60dB ~ 0dB <\/td><\/tr><\/table>\t\t\t\t<\/div>\n\t\t\t\t<\/div>\n\t\t\t\t<\/div>\n\t\t\t\t\t<\/div>\n\t\t\t\t<\/div>\n\t\t<div class=\"elementor-element elementor-element-1020b19 e-flex e-con-boxed e-con e-parent\" data-id=\"1020b19\" data-element_type=\"container\" data-e-type=\"container\" data-settings=\"{&quot;background_background&quot;:&quot;classic&quot;}\">\n\t\t\t\t\t<div class=\"e-con-inner\">\n\t\t\t\t<div data-custom-animations=\"true\" data-ca-options=\"{&quot;addChildTimelines&quot;:false,&quot;trigger&quot;:&quot;firstChild&quot;,&quot;animationTarget&quot;:&quot;.lqd-split-words .lqd-words .split-inner, .lqd-adv-txt-fig&quot;,&quot;ease&quot;:&quot;linear&quot;,&quot;initValues&quot;:{&quot;opacity&quot;:0},&quot;animations&quot;:{&quot;opacity&quot;:1}}\" class=\"elementor-element elementor-element-5cdb5aa elementor-widget elementor-widget-hub_fancy_heading lqd-el-has-inner-anim\" data-id=\"5cdb5aa\" data-element_type=\"widget\" data-e-type=\"widget\" data-settings=\"{&quot;enable_split&quot;:&quot;true&quot;,&quot;split_type&quot;:&quot;words&quot;}\" data-widget_type=\"hub_fancy_heading.default\">\n\t\t\t\t<div class=\"elementor-widget-container\">\n\t\t\t\t\t\n\t\t<div id=\"ld-fancy-heading-69d50a2f9de8c\" class=\"ld-fancy-heading pos-rel\">\n\t\t\t<h2 class=\"ld-fh-element d-inline-block pos-rel  elementor-heading-title lqd-highlight-classic lqd-highlight-grow-left lqd-split-words h2\"  data-split-text=\"true\" data-split-options='{\"type\":\"words\"}'> DOWNLOADS<\/h2>\t\t<\/div>\n\n\t\t\t\t\t\t<\/div>\n\t\t\t\t<\/div>\n\t\t\t\t<div class=\"elementor-element elementor-element-6f039c4 elementor-widget elementor-widget-ld_button\" data-id=\"6f039c4\" data-element_type=\"widget\" data-e-type=\"widget\" data-widget_type=\"ld_button.default\">\n\t\t\t\t<div class=\"elementor-widget-container\">\n\t\t\t\t\t\n\t\t\t<a\n\t\t\t\thref=\"https:\/\/ludk.com.br\/wp-content\/uploads\/2024\/11\/Brochura-Easy-DSP.pdf\" target=\"_blank\"class=\"elementor-button btn btn-naked btn-icon-shaped btn-has-label\"\t\t\t>\n\t\t\t\t\t\t\t\t\t<span data-text=\"Brochure (PDF)\" class=\"btn-txt\">\n\t\t\t\t\t\tBrochure (PDF)\t\t\t\t\t<\/span>\n\t\t\t\t\t\t\t\t\t\t\t<\/a>\n\t\t\t\t\t\t\t<\/div>\n\t\t\t\t<\/div>\n\t\t\t\t\t<\/div>\n\t\t\t\t<\/div>\n\t\t\t\t<\/div>","protected":false},"excerpt":{"rendered":"<p>CUSTOMIZA\u00c7\u00c3O DE \u00c1UDIO EM SUAS M\u00c3OS O Easy DSP \u00e9 um processador de \u00e1udio compacto que oferece uma variedade de ajustes e configura\u00e7\u00f5es de alta precis\u00e3o para melhorar o desempenho do seu sistema de som ambiente. Atrav\u00e9s da comunica\u00e7\u00e3o Bluetooth, as informa\u00e7\u00f5es do processador podem ser visualizadas e configuradas remotamente, utilizando smartphones ou tablets com [&hellip;]<\/p>","protected":false},"author":2,"featured_media":0,"parent":0,"menu_order":0,"comment_status":"closed","ping_status":"closed","template":"","meta":{"inline_featured_image":false,"footnotes":""},"class_list":["post-1593","page","type-page","status-publish","hentry"],"_links":{"self":[{"href":"https:\/\/ludk.com.br\/en\/wp-json\/wp\/v2\/pages\/1593","targetHints":{"allow":["GET"]}}],"collection":[{"href":"https:\/\/ludk.com.br\/en\/wp-json\/wp\/v2\/pages"}],"about":[{"href":"https:\/\/ludk.com.br\/en\/wp-json\/wp\/v2\/types\/page"}],"author":[{"embeddable":true,"href":"https:\/\/ludk.com.br\/en\/wp-json\/wp\/v2\/users\/2"}],"replies":[{"embeddable":true,"href":"https:\/\/ludk.com.br\/en\/wp-json\/wp\/v2\/comments?post=1593"}],"version-history":[{"count":159,"href":"https:\/\/ludk.com.br\/en\/wp-json\/wp\/v2\/pages\/1593\/revisions"}],"predecessor-version":[{"id":2907,"href":"https:\/\/ludk.com.br\/en\/wp-json\/wp\/v2\/pages\/1593\/revisions\/2907"}],"wp:attachment":[{"href":"https:\/\/ludk.com.br\/en\/wp-json\/wp\/v2\/media?parent=1593"}],"curies":[{"name":"wp","href":"https:\/\/api.w.org\/{rel}","templated":true}]}}